{"id":4893,"date":"2019-11-05T14:48:13","date_gmt":"2019-11-05T13:48:13","guid":{"rendered":"https:\/\/dev.gorskikotarbike.com\/gorski-kotar-bike\/"},"modified":"2024-12-16T14:35:44","modified_gmt":"2024-12-16T13:35:44","slug":"gorski-kotar-bike","status":"publish","type":"page","link":"https:\/\/gorskikotarbike.com\/de\/","title":{"rendered":"Radrouten der Region Gorski kotar"},"content":{"rendered":"","protected":false},"excerpt":{"rendered":"","protected":false},"author":2,"featured_media":0,"parent":0,"menu_order":0,"comment_status":"closed","ping_status":"closed","template":"page-home.php","meta":{"_acf_changed":false,"inline_featured_image":false,"footnotes":""},"class_list":["post-4893","page","type-page","status-publish","hentry"],"acf":{"stages_intro":{"stages_intro_title":"Fahrradtransversale durchs Gebirge","stages_intro_content":"<p>Die Fahrradtransversale durchs Gebirge verbindet alle Siedlungen in Gorski Kotar sowie die nat\u00fcrlichen, kulturellen und geschichtlichen Sehensw\u00fcrdigkeiten dieser Region. Sie f\u00fchrt Sie durch Wald- und Lokalwege mit wenig Verkehr und wurde f\u00fcr Fans von Natur und mountainbiken gestaltet.<\/p>\n<p>Lernen Sie \u00fcber die Transversale Gorski Kotar in mehreren Etappen kennen, was Ihnen die Planung eines mehrt\u00e4gigen Aktivurlaubs erm\u00f6glicht. Sie setzt sich aus sieben Etappen zusammen, mit einer L\u00e4nge von 28 bis 43 Kilometer und ist insgesamt 260 Kilometer lang. Die Route ist vor Ort mit der Nummer 971 gekennzeichnet.<\/p>\n","button_text":"Etappen"},"routes_intro":{"routes_intro_title":"Fahrradrouten","routes_intro_content":"<p>Das Netz der Fahrradstrecken von Gorski Kotar enth\u00e4lt Vorschl\u00e4ge f\u00fcr 42 Routen, die f\u00fcr unterschiedliche Fahrradkategorien gedacht sind: Es geht von der Stra\u00dfe \u00fcber Schotter bis hin zu Strecken f\u00fcr das MTB. Die Strecken sind 10 bis 50 Kilometer lang und zeichnen sich durch unterschiedliche physische und technische Anforderungen aus. <\/p>\n<p>Da die Routen miteinander verbunden sind und ein Netz bilden, das mit der Fahrradtransversale durchs Gebirge die ganze Region von Gorski Kotar umfasst, k\u00f6nnen Sie Ihre Strecke selbst kreieren und die vorgeschlagenen Routen kombinieren. Vor Ort sind auch mehr als 1200 Kilometer Fahrradrouten gekennzeichnet, daher k\u00f6nnen Sie der Streckennummer und spezifischen Farbe f\u00fcr eine angenehme Fahrt und die Erkundung des Ziels folgen.<\/p>\n","button_text":"Routen"},"intro_videofiles":[{"discreet_video":"https:\/\/gorskikotarbike.com\/wp-content\/uploads\/2024\/12\/4332608-hd_1920_1080_30fps_H265.mp4"},{"discreet_video":"https:\/\/gorskikotarbike.com\/wp-content\/uploads\/2024\/12\/4332608-hd_1920_1080_30fps_H264.mp4"}],"main_cover":{"ID":7258,"id":7258,"title":"gkb-cover-1","filename":"gkb-cover-1.jpg","filesize":825106,"url":"https:\/\/gorskikotarbike.com\/wp-content\/uploads\/2024\/12\/gkb-cover-1.jpg","link":"https:\/\/gorskikotarbike.com\/de\/gorski-kotar-bike\/attachment\/gkb-cover-1-2\/","alt":"GKB cover photo","author":"2","description":"","caption":"","name":"gkb-cover-1-2","status":"inherit","uploaded_to":4893,"date":"2024-12-15 22:28:42","modified":"2024-12-15 22:28:58","menu_order":0,"mime_type":"image\/jpeg","type":"image","subtype":"jpeg","icon":"https:\/\/gorskikotarbike.com\/wp-includes\/images\/media\/default.png","width":1920,"height":1281,"sizes":{"thumbnail":"https:\/\/gorskikotarbike.com\/wp-content\/uploads\/2024\/12\/gkb-cover-1-360x240.jpg","thumbnail-width":360,"thumbnail-height":240,"medium":"https:\/\/gorskikotarbike.com\/wp-content\/uploads\/2024\/12\/gkb-cover-1-1280x854.jpg","medium-width":1280,"medium-height":854,"medium_large":"https:\/\/gorskikotarbike.com\/wp-content\/uploads\/2024\/12\/gkb-cover-1-768x512.jpg","medium_large-width":640,"medium_large-height":427,"large":"https:\/\/gorskikotarbike.com\/wp-content\/uploads\/2024\/12\/gkb-cover-1.jpg","large-width":640,"large-height":427,"1536x1536":"https:\/\/gorskikotarbike.com\/wp-content\/uploads\/2024\/12\/gkb-cover-1-1536x1025.jpg","1536x1536-width":1536,"1536x1536-height":1025,"2048x2048":"https:\/\/gorskikotarbike.com\/wp-content\/uploads\/2024\/12\/gkb-cover-1.jpg","2048x2048-width":1920,"2048x2048-height":1281}},"magic_tagline":[{"acf_fc_layout":"eyebrow_text","eyebrow":"Gorski Kotar"},{"acf_fc_layout":"static_text","tagline_text":"Fahrradherausforderungen und Erlebnisse, die"},{"acf_fc_layout":"rotating_parts","Tagline_first_part":[{"one_word":"inspirieren"},{"one_word":"begeistern"},{"one_word":"erfrischen"},{"one_word":"erobern"},{"one_word":"faszinieren"}]}],"intro_tagline":"Entdecken Sie die Magie von Gorski Kotar auf zwei R\u00e4dern","intro_text":"<p>Jede Kurve ein neues Abenteuer. Radeln Sie durch malerische Berge, genie\u00dfen Sie die Ruhe uralter W\u00e4lder, erkunden Sie versteckte Karstgrotten und felsige Landschaften und bewundern Sie die atemberaubende Sch\u00f6nheit kristallklarer Seen und Fl\u00fcsse.<\/p>\n<p>Dies sind die Fahrradherausforderungen und Erlebnisse, die Sie in Gorski Kotar erwarten.<\/p>\n","intro_background":"https:\/\/gorskikotarbike.com\/wp-content\/uploads\/2024\/12\/gkb-pattern.png"},"yoast_head":"<!-- This site is optimized with the Yoast SEO plugin v27.4 - https:\/\/yoast.com\/product\/yoast-seo-wordpress\/ -->\n<title>Radrouten der Region Gorski kotar - Gorski kotar Bike<\/title>\n<meta name=\"description\" content=\"Lernen Sie Gorski Kotar mit dem Fahrrad kennen. Die malerischen Gebirge, die ruhigen tausendj\u00e4hrigen W\u00e4lder, die zahlreichen Karsth\u00f6hlen und Felsen...\" \/>\n<meta name=\"robots\" content=\"index, follow, max-snippet:-1, max-image-preview:large, max-video-preview:-1\" \/>\n<link rel=\"canonical\" href=\"https:\/\/gorskikotarbike.com\/de\/\" \/>\n<meta property=\"og:locale\" content=\"de_DE\" \/>\n<meta property=\"og:type\" content=\"article\" \/>\n<meta property=\"og:title\" content=\"Radrouten der Region Gorski kotar - Gorski kotar Bike\" \/>\n<meta property=\"og:description\" content=\"Lernen Sie Gorski Kotar mit dem Fahrrad kennen. Die malerischen Gebirge, die ruhigen tausendj\u00e4hrigen W\u00e4lder, die zahlreichen Karsth\u00f6hlen und Felsen...\" \/>\n<meta property=\"og:url\" content=\"https:\/\/gorskikotarbike.com\/de\/\" \/>\n<meta property=\"og:site_name\" content=\"Gorski kotar Bike\" \/>\n<meta property=\"article:modified_time\" content=\"2024-12-16T13:35:44+00:00\" \/>\n<script type=\"application\/ld+json\" class=\"yoast-schema-graph\">{\"@context\":\"https:\\\/\\\/schema.org\",\"@graph\":[{\"@type\":\"WebPage\",\"@id\":\"https:\\\/\\\/gorskikotarbike.com\\\/de\\\/\",\"url\":\"https:\\\/\\\/gorskikotarbike.com\\\/de\\\/\",\"name\":\"Radrouten der Region Gorski kotar - Gorski kotar Bike\",\"isPartOf\":{\"@id\":\"https:\\\/\\\/gorskikotarbike.com\\\/de\\\/#website\"},\"datePublished\":\"2019-11-05T13:48:13+00:00\",\"dateModified\":\"2024-12-16T13:35:44+00:00\",\"description\":\"Lernen Sie Gorski Kotar mit dem Fahrrad kennen. Die malerischen Gebirge, die ruhigen tausendj\u00e4hrigen W\u00e4lder, die zahlreichen Karsth\u00f6hlen und Felsen...\",\"breadcrumb\":{\"@id\":\"https:\\\/\\\/gorskikotarbike.com\\\/de\\\/#breadcrumb\"},\"inLanguage\":\"de\",\"potentialAction\":[{\"@type\":\"ReadAction\",\"target\":[\"https:\\\/\\\/gorskikotarbike.com\\\/de\\\/\"]}]},{\"@type\":\"BreadcrumbList\",\"@id\":\"https:\\\/\\\/gorskikotarbike.com\\\/de\\\/#breadcrumb\",\"itemListElement\":[{\"@type\":\"ListItem\",\"position\":1,\"name\":\"Home\",\"item\":\"https:\\\/\\\/gorskikotarbike.com\\\/de\\\/\"},{\"@type\":\"ListItem\",\"position\":2,\"name\":\"Radrouten der Region Gorski kotar\"}]},{\"@type\":\"WebSite\",\"@id\":\"https:\\\/\\\/gorskikotarbike.com\\\/de\\\/#website\",\"url\":\"https:\\\/\\\/gorskikotarbike.com\\\/de\\\/\",\"name\":\"Gorski kotar Bike\",\"description\":\"Gorski Kotar mit dem Fahrrad\",\"potentialAction\":[{\"@type\":\"SearchAction\",\"target\":{\"@type\":\"EntryPoint\",\"urlTemplate\":\"https:\\\/\\\/gorskikotarbike.com\\\/de\\\/?s={search_term_string}\"},\"query-input\":{\"@type\":\"PropertyValueSpecification\",\"valueRequired\":true,\"valueName\":\"search_term_string\"}}],\"inLanguage\":\"de\"}]}<\/script>\n<!-- \/ Yoast SEO plugin. -->","yoast_head_json":{"title":"Radrouten der Region Gorski kotar - Gorski kotar Bike","description":"Lernen Sie Gorski Kotar mit dem Fahrrad kennen. Die malerischen Gebirge, die ruhigen tausendj\u00e4hrigen W\u00e4lder, die zahlreichen Karsth\u00f6hlen und Felsen...","robots":{"index":"index","follow":"follow","max-snippet":"max-snippet:-1","max-image-preview":"max-image-preview:large","max-video-preview":"max-video-preview:-1"},"canonical":"https:\/\/gorskikotarbike.com\/de\/","og_locale":"de_DE","og_type":"article","og_title":"Radrouten der Region Gorski kotar - Gorski kotar Bike","og_description":"Lernen Sie Gorski Kotar mit dem Fahrrad kennen. Die malerischen Gebirge, die ruhigen tausendj\u00e4hrigen W\u00e4lder, die zahlreichen Karsth\u00f6hlen und Felsen...","og_url":"https:\/\/gorskikotarbike.com\/de\/","og_site_name":"Gorski kotar Bike","article_modified_time":"2024-12-16T13:35:44+00:00","schema":{"@context":"https:\/\/schema.org","@graph":[{"@type":"WebPage","@id":"https:\/\/gorskikotarbike.com\/de\/","url":"https:\/\/gorskikotarbike.com\/de\/","name":"Radrouten der Region Gorski kotar - Gorski kotar Bike","isPartOf":{"@id":"https:\/\/gorskikotarbike.com\/de\/#website"},"datePublished":"2019-11-05T13:48:13+00:00","dateModified":"2024-12-16T13:35:44+00:00","description":"Lernen Sie Gorski Kotar mit dem Fahrrad kennen. Die malerischen Gebirge, die ruhigen tausendj\u00e4hrigen W\u00e4lder, die zahlreichen Karsth\u00f6hlen und Felsen...","breadcrumb":{"@id":"https:\/\/gorskikotarbike.com\/de\/#breadcrumb"},"inLanguage":"de","potentialAction":[{"@type":"ReadAction","target":["https:\/\/gorskikotarbike.com\/de\/"]}]},{"@type":"BreadcrumbList","@id":"https:\/\/gorskikotarbike.com\/de\/#breadcrumb","itemListElement":[{"@type":"ListItem","position":1,"name":"Home","item":"https:\/\/gorskikotarbike.com\/de\/"},{"@type":"ListItem","position":2,"name":"Radrouten der Region Gorski kotar"}]},{"@type":"WebSite","@id":"https:\/\/gorskikotarbike.com\/de\/#website","url":"https:\/\/gorskikotarbike.com\/de\/","name":"Gorski kotar Bike","description":"Gorski Kotar mit dem Fahrrad","potentialAction":[{"@type":"SearchAction","target":{"@type":"EntryPoint","urlTemplate":"https:\/\/gorskikotarbike.com\/de\/?s={search_term_string}"},"query-input":{"@type":"PropertyValueSpecification","valueRequired":true,"valueName":"search_term_string"}}],"inLanguage":"de"}]}},"_links":{"self":[{"href":"https:\/\/gorskikotarbike.com\/de\/wp-json\/wp\/v2\/pages\/4893","targetHints":{"allow":["GET"]}}],"collection":[{"href":"https:\/\/gorskikotarbike.com\/de\/wp-json\/wp\/v2\/pages"}],"about":[{"href":"https:\/\/gorskikotarbike.com\/de\/wp-json\/wp\/v2\/types\/page"}],"author":[{"embeddable":true,"href":"https:\/\/gorskikotarbike.com\/de\/wp-json\/wp\/v2\/users\/2"}],"replies":[{"embeddable":true,"href":"https:\/\/gorskikotarbike.com\/de\/wp-json\/wp\/v2\/comments?post=4893"}],"version-history":[{"count":10,"href":"https:\/\/gorskikotarbike.com\/de\/wp-json\/wp\/v2\/pages\/4893\/revisions"}],"predecessor-version":[{"id":7620,"href":"https:\/\/gorskikotarbike.com\/de\/wp-json\/wp\/v2\/pages\/4893\/revisions\/7620"}],"wp:attachment":[{"href":"https:\/\/gorskikotarbike.com\/de\/wp-json\/wp\/v2\/media?parent=4893"}],"curies":[{"name":"wp","href":"https:\/\/api.w.org\/{rel}","templated":true}]}}